{"id":74,"date":"2019-02-18T13:56:08","date_gmt":"2019-02-18T13:56:08","guid":{"rendered":"https:\/\/co-creation-manufactory.de\/?page_id=74"},"modified":"2019-08-26T15:41:50","modified_gmt":"2019-08-26T15:41:50","slug":"team","status":"publish","type":"page","link":"https:\/\/co-creation-manufactory.de\/?page_id=74","title":{"rendered":"Veranstaltungen online und an sch\u00f6nen Orten"},"content":{"rendered":"\n<div class=\"wp-block-image\"><figure class=\"alignleft\"><img loading=\"lazy\" width=\"640\" height=\"477\" src=\"https:\/\/co-creation-manufactory.de\/wp-content\/uploads\/2019\/02\/Park-1.jpg\" alt=\"\" class=\"wp-image-349\" srcset=\"https:\/\/co-creation-manufactory.de\/wp-content\/uploads\/2019\/02\/Park-1.jpg 640w, https:\/\/co-creation-manufactory.de\/wp-content\/uploads\/2019\/02\/Park-1-300x224.jpg 300w, https:\/\/co-creation-manufactory.de\/wp-content\/uploads\/2019\/02\/Park-1-403x300.jpg 403w\" sizes=\"(max-width: 640px) 100vw, 640px\" \/><\/figure><\/div>\n\n\n\n<p><\/p>\n\n\n\n<p style=\"text-align:center\"> <br><br><br><br> <strong> <\/strong><\/p>\n\n\n\n<p style=\"text-align:left\"> <strong>Bri Sandtner<\/strong>  (Coach, Pers\u00f6nlichkeitswirtin, Ideal\u00f6konomin, Autorin) <\/p>\n\n\n\n<div class=\"wp-block-image\"><figure class=\"aligncenter is-resized\"><img loading=\"lazy\" src=\"https:\/\/co-creation-manufactory.de\/wp-content\/uploads\/2019\/02\/P1040109-2-1-300x285.jpg\" alt=\"\" class=\"wp-image-210\" width=\"331\" height=\"314\" srcset=\"https:\/\/co-creation-manufactory.de\/wp-content\/uploads\/2019\/02\/P1040109-2-1-300x285.jpg 300w, https:\/\/co-creation-manufactory.de\/wp-content\/uploads\/2019\/02\/P1040109-2-1-768x729.jpg 768w, https:\/\/co-creation-manufactory.de\/wp-content\/uploads\/2019\/02\/P1040109-2-1-1024x972.jpg 1024w, https:\/\/co-creation-manufactory.de\/wp-content\/uploads\/2019\/02\/P1040109-2-1-316x300.jpg 316w, https:\/\/co-creation-manufactory.de\/wp-content\/uploads\/2019\/02\/P1040109-2-1.jpg 1408w\" sizes=\"(max-width: 331px) 100vw, 331px\" \/><\/figure><\/div>\n\n\n\n<p>\u201eCo-Creation geht weit \u00fcber mein langj\u00e4hriges Verst\u00e4ndnis von Gemeinschaftsbildung hinaus. Die Freiheit und Eingebundenheit in eine von Selbstbestimmung und Demokratie getragene Gesellschaft zugleich, ist f\u00fcr mich der Schl\u00fcssel daf\u00fcr, Ver\u00e4nderung gemeinsam gestalten zu k\u00f6nnen.<br>Sch\u00f6ne Tr\u00e4ume allein werden die Welt nicht \u00e4ndern, so bin ich dabei sch\u00f6ne Wirklichkeiten zu schaffen &#8211; JETZT&#8220;<\/p>\n\n\n\n<p>Komm in meine FB Gruppe Flott aus dem Trott.<a href=\"http:\/\/ https:\/\/tinyurl.com\/yyba59h4\"> <\/a><a href=\"https:\/\/www.facebook.com\/brisandtner\">Klick hier<\/a> und sei dabei <\/p>\n","protected":false},"excerpt":{"rendered":"<p>Bri Sandtner (Coach, Pers\u00f6nlichkeitswirtin, Ideal\u00f6konomin, Autorin) \u201eCo-Creation geht weit \u00fcber mein langj\u00e4hriges Verst\u00e4ndnis von Gemeinschaftsbildung hinaus. Die Freiheit und Eingebundenheit in eine von Selbstbestimmung und Demokratie getragene Gesellschaft zugleich, ist f\u00fcr mich der Schl\u00fcssel daf\u00fcr, Ver\u00e4nderung gemeinsam gestalten zu k\u00f6nnen.Sch\u00f6ne Tr\u00e4ume allein werden die Welt nicht \u00e4ndern, so bin ich dabei sch\u00f6ne Wirklichkeiten zu schaffen [&hellip;]<\/p>\n","protected":false},"author":1,"featured_media":0,"parent":0,"menu_order":0,"comment_status":"closed","ping_status":"closed","template":"template-no-sidebar.php","meta":[],"yoast_head":"<!-- This site is optimized with the Yoast SEO plugin v18.0 - https:\/\/yoast.com\/wordpress\/plugins\/seo\/ -->\n<meta name=\"robots\" content=\"index, follow, max-snippet:-1, max-image-preview:large, max-video-preview:-1\" \/>\n<link rel=\"canonical\" href=\"https:\/\/co-creation-manufactory.de\/?page_id=74\" \/>\n<meta property=\"og:locale\" content=\"de_DE\" \/>\n<meta property=\"og:type\" content=\"article\" \/>\n<meta property=\"og:title\" content=\"Veranstaltungen online und an sch\u00f6nen Orten - Co-Creation-Manufactory\" \/>\n<meta property=\"og:description\" content=\"Bri Sandtner (Coach, Pers\u00f6nlichkeitswirtin, Ideal\u00f6konomin, Autorin) \u201eCo-Creation geht weit \u00fcber mein langj\u00e4hriges Verst\u00e4ndnis von Gemeinschaftsbildung hinaus. Die Freiheit und Eingebundenheit in eine von Selbstbestimmung und Demokratie getragene Gesellschaft zugleich, ist f\u00fcr mich der Schl\u00fcssel daf\u00fcr, Ver\u00e4nderung gemeinsam gestalten zu k\u00f6nnen.Sch\u00f6ne Tr\u00e4ume allein werden die Welt nicht \u00e4ndern, so bin ich dabei sch\u00f6ne Wirklichkeiten zu schaffen [&hellip;]\" \/>\n<meta property=\"og:url\" content=\"https:\/\/co-creation-manufactory.de\/?page_id=74\" \/>\n<meta property=\"og:site_name\" content=\"Co-Creation-Manufactory\" \/>\n<meta property=\"article:modified_time\" content=\"2019-08-26T15:41:50+00:00\" \/>\n<meta property=\"og:image\" content=\"https:\/\/co-creation-manufactory.de\/wp-content\/uploads\/2019\/02\/Park-1.jpg\" \/>\n<meta name=\"twitter:card\" content=\"summary_large_image\" \/>\n<script type=\"application\/ld+json\" class=\"yoast-schema-graph\">{\"@context\":\"https:\/\/schema.org\",\"@graph\":[{\"@type\":\"WebSite\",\"@id\":\"https:\/\/co-creation-manufactory.de\/#website\",\"url\":\"https:\/\/co-creation-manufactory.de\/\",\"name\":\"Co-Creation-Manufactory\",\"description\":\"Bri Sandtner Coach, Pers\u00f6nlichkeitswirtin\",\"potentialAction\":[{\"@type\":\"SearchAction\",\"target\":{\"@type\":\"EntryPoint\",\"urlTemplate\":\"https:\/\/co-creation-manufactory.de\/?s={search_term_string}\"},\"query-input\":\"required name=search_term_string\"}],\"inLanguage\":\"de\"},{\"@type\":\"ImageObject\",\"@id\":\"https:\/\/co-creation-manufactory.de\/?page_id=74#primaryimage\",\"inLanguage\":\"de\",\"url\":\"https:\/\/co-creation-manufactory.de\/wp-content\/uploads\/2019\/02\/Park-1.jpg\",\"contentUrl\":\"https:\/\/co-creation-manufactory.de\/wp-content\/uploads\/2019\/02\/Park-1.jpg\",\"width\":640,\"height\":477},{\"@type\":\"WebPage\",\"@id\":\"https:\/\/co-creation-manufactory.de\/?page_id=74#webpage\",\"url\":\"https:\/\/co-creation-manufactory.de\/?page_id=74\",\"name\":\"Veranstaltungen online und an sch\u00f6nen Orten - Co-Creation-Manufactory\",\"isPartOf\":{\"@id\":\"https:\/\/co-creation-manufactory.de\/#website\"},\"primaryImageOfPage\":{\"@id\":\"https:\/\/co-creation-manufactory.de\/?page_id=74#primaryimage\"},\"datePublished\":\"2019-02-18T13:56:08+00:00\",\"dateModified\":\"2019-08-26T15:41:50+00:00\",\"breadcrumb\":{\"@id\":\"https:\/\/co-creation-manufactory.de\/?page_id=74#breadcrumb\"},\"inLanguage\":\"de\",\"potentialAction\":[{\"@type\":\"ReadAction\",\"target\":[\"https:\/\/co-creation-manufactory.de\/?page_id=74\"]}]},{\"@type\":\"BreadcrumbList\",\"@id\":\"https:\/\/co-creation-manufactory.de\/?page_id=74#breadcrumb\",\"itemListElement\":[{\"@type\":\"ListItem\",\"position\":1,\"name\":\"Startseite\",\"item\":\"https:\/\/co-creation-manufactory.de\/\"},{\"@type\":\"ListItem\",\"position\":2,\"name\":\"Veranstaltungen online und an sch\u00f6nen Orten\"}]}]}<\/script>\n<!-- \/ Yoast SEO plugin. -->","yoast_head_json":{"robots":{"index":"index","follow":"follow","max-snippet":"max-snippet:-1","max-image-preview":"max-image-preview:large","max-video-preview":"max-video-preview:-1"},"canonical":"https:\/\/co-creation-manufactory.de\/?page_id=74","og_locale":"de_DE","og_type":"article","og_title":"Veranstaltungen online und an sch\u00f6nen Orten - Co-Creation-Manufactory","og_description":"Bri Sandtner (Coach, Pers\u00f6nlichkeitswirtin, Ideal\u00f6konomin, Autorin) \u201eCo-Creation geht weit \u00fcber mein langj\u00e4hriges Verst\u00e4ndnis von Gemeinschaftsbildung hinaus. Die Freiheit und Eingebundenheit in eine von Selbstbestimmung und Demokratie getragene Gesellschaft zugleich, ist f\u00fcr mich der Schl\u00fcssel daf\u00fcr, Ver\u00e4nderung gemeinsam gestalten zu k\u00f6nnen.Sch\u00f6ne Tr\u00e4ume allein werden die Welt nicht \u00e4ndern, so bin ich dabei sch\u00f6ne Wirklichkeiten zu schaffen [&hellip;]","og_url":"https:\/\/co-creation-manufactory.de\/?page_id=74","og_site_name":"Co-Creation-Manufactory","article_modified_time":"2019-08-26T15:41:50+00:00","og_image":[{"url":"https:\/\/co-creation-manufactory.de\/wp-content\/uploads\/2019\/02\/Park-1.jpg"}],"twitter_card":"summary_large_image","schema":{"@context":"https:\/\/schema.org","@graph":[{"@type":"WebSite","@id":"https:\/\/co-creation-manufactory.de\/#website","url":"https:\/\/co-creation-manufactory.de\/","name":"Co-Creation-Manufactory","description":"Bri Sandtner Coach, Pers\u00f6nlichkeitswirtin","potentialAction":[{"@type":"SearchAction","target":{"@type":"EntryPoint","urlTemplate":"https:\/\/co-creation-manufactory.de\/?s={search_term_string}"},"query-input":"required name=search_term_string"}],"inLanguage":"de"},{"@type":"ImageObject","@id":"https:\/\/co-creation-manufactory.de\/?page_id=74#primaryimage","inLanguage":"de","url":"https:\/\/co-creation-manufactory.de\/wp-content\/uploads\/2019\/02\/Park-1.jpg","contentUrl":"https:\/\/co-creation-manufactory.de\/wp-content\/uploads\/2019\/02\/Park-1.jpg","width":640,"height":477},{"@type":"WebPage","@id":"https:\/\/co-creation-manufactory.de\/?page_id=74#webpage","url":"https:\/\/co-creation-manufactory.de\/?page_id=74","name":"Veranstaltungen online und an sch\u00f6nen Orten - Co-Creation-Manufactory","isPartOf":{"@id":"https:\/\/co-creation-manufactory.de\/#website"},"primaryImageOfPage":{"@id":"https:\/\/co-creation-manufactory.de\/?page_id=74#primaryimage"},"datePublished":"2019-02-18T13:56:08+00:00","dateModified":"2019-08-26T15:41:50+00:00","breadcrumb":{"@id":"https:\/\/co-creation-manufactory.de\/?page_id=74#breadcrumb"},"inLanguage":"de","potentialAction":[{"@type":"ReadAction","target":["https:\/\/co-creation-manufactory.de\/?page_id=74"]}]},{"@type":"BreadcrumbList","@id":"https:\/\/co-creation-manufactory.de\/?page_id=74#breadcrumb","itemListElement":[{"@type":"ListItem","position":1,"name":"Startseite","item":"https:\/\/co-creation-manufactory.de\/"},{"@type":"ListItem","position":2,"name":"Veranstaltungen online und an sch\u00f6nen Orten"}]}]}},"_links":{"self":[{"href":"https:\/\/co-creation-manufactory.de\/index.php?rest_route=\/wp\/v2\/pages\/74"}],"collection":[{"href":"https:\/\/co-creation-manufactory.de\/index.php?rest_route=\/wp\/v2\/pages"}],"about":[{"href":"https:\/\/co-creation-manufactory.de\/index.php?rest_route=\/wp\/v2\/types\/page"}],"author":[{"embeddable":true,"href":"https:\/\/co-creation-manufactory.de\/index.php?rest_route=\/wp\/v2\/users\/1"}],"replies":[{"embeddable":true,"href":"https:\/\/co-creation-manufactory.de\/index.php?rest_route=%2Fwp%2Fv2%2Fcomments&post=74"}],"version-history":[{"count":55,"href":"https:\/\/co-creation-manufactory.de\/index.php?rest_route=\/wp\/v2\/pages\/74\/revisions"}],"predecessor-version":[{"id":355,"href":"https:\/\/co-creation-manufactory.de\/index.php?rest_route=\/wp\/v2\/pages\/74\/revisions\/355"}],"wp:attachment":[{"href":"https:\/\/co-creation-manufactory.de\/index.php?rest_route=%2Fwp%2Fv2%2Fmedia&parent=74"}],"curies":[{"name":"wp","href":"https:\/\/api.w.org\/{rel}","templated":true}]}}