{"id":68,"date":"2019-02-18T13:48:43","date_gmt":"2019-02-18T13:48:43","guid":{"rendered":"https:\/\/co-creation-manufactory.de\/?page_id=68"},"modified":"2020-01-21T11:30:04","modified_gmt":"2020-01-21T11:30:04","slug":"workshop","status":"publish","type":"page","link":"https:\/\/co-creation-manufactory.de\/?page_id=68","title":{"rendered":"Coaching zu neuen Horizonten"},"content":{"rendered":"\n<p style=\"text-align:center\" class=\"has-large-font-size\"> Wissen sch\u00f6pfen durch Visionen: <br>Das bildet wahres Kapital<\/p>\n\n\n\n<p style=\"text-align:center\" class=\"has-medium-font-size\">In F\u00fchrung zu gehen ist nicht Dein Problem? <br>Gl\u00fcckwunsch! <br>Dann bist Du daf\u00fcr talentiert? <\/p>\n\n\n\n<p class=\"has-medium-font-size\">So haben auch mich andere sehr lange gesehen. Es ist toll mit vielseitigen Talenten voraus gehen zu k\u00f6nnen und andere zum Folgen zu begeistern. <\/p>\n\n\n\n<p class=\"has-medium-font-size\">Zur F\u00fchrungserfahrung wie:<\/p>\n\n\n\n<p class=\"has-medium-font-size\">* F\u00fchren f\u00f6rdert die Verantwortung f\u00fcr sich und andere.  <br>* F\u00fchren beinhaltet eine klare Richtung. <br>* F\u00fchren f\u00f6rdert Aufrichtigkeit in der Kommunikation.  <br>* F\u00fchrung lebt durch Visionskraft, Vielfalt und Reflexion. &nbsp;     <\/p>\n\n\n\n<p class=\"has-medium-font-size\">kommen wie zum Ausgleich des &#8222;Guten &amp; Sch\u00f6nen&#8220; Erfahrungen wie Stress durch Verunsicherung und \u00dcberforderung dazu.  Die moderne Welt spendiert einen \u00dcberfluss von Informationen und erzeugt Sog &amp; Druck zugleich.  Kaum ein Tag verl\u00e4uft ohne Ver\u00e4nderung und Wissenszuwachs. <\/p>\n\n\n\n<p class=\"has-medium-font-size\">Jetzt gilt es das Handwerkszeug zu erweitern und die Grundausstattung zu \u00fcberpr\u00fcfen um die Standfestigkeit f\u00fcr mein Leben zu sichern.<\/p>\n\n\n\n<p class=\"has-medium-font-size\">Bewusst mit dem Selbstsein und ein freier Umgang mit den Talenten, hebt  die Trennung von F\u00fchren und Folgen auf. Das Ergebnis ist  Motivation,  Erfolg als Folge des Handelns und sehr viel Spa\u00df bei dem was Du tust  und mit denen Du Co-laborierst.  <\/p>\n\n\n\n<p class=\"has-medium-font-size\">Vor dem Hintergrund der Pers\u00f6nlichkeitswirtschaft bietet mein Coaching mehr als eine Begleitung auf Wegen, die bereits von anderen beschildert sind. Folgen im blinden  Vertrauen zu vorgesetzten Richtungen und Regeln verlangsamt Prozesse, trocknet das einst  sprudelnde Flussbett aus unseren pers\u00f6nlichen Ideen und Potentialen aus.  <\/p>\n\n\n\n<p class=\"has-medium-font-size\"> Lass Dich verf\u00fchren Deinen pers\u00f6nlichen Energiehaushalt zu entdecken, zu dem Leben in Wohlstand und Selbstbestimmung, das Dich mit Wohlgef\u00fchl erf\u00fcllt. <\/p>\n\n\n\n<p class=\"has-medium-font-size\">Wenn Du gerade so Deine Zweifel hast, an Dir, an dem was Du alles in  Deinen Tag packen kannst, g\u00f6nne Dir einen Freiraum f\u00fcr Dich und f\u00fchre ein Gespr\u00e4ch mit mir. <\/p>\n\n\n\n<p class=\"has-medium-font-size\">Ich  unterst\u00fctze Dich sehr gern dabei in Deine Quelle zu tauchen und  erfrischt weiter zu gehen. <\/p>\n\n\n\n<p class=\"has-medium-font-size\">Schreibe mir jetzt Deine <a href=\"http:\/\/ active.cocreation@gmail.com \">Emai<\/a>l Ich freue mich auf Dich! <\/p>\n","protected":false},"excerpt":{"rendered":"<p>Wissen sch\u00f6pfen durch Visionen: Das bildet wahres Kapital In F\u00fchrung zu gehen ist nicht Dein Problem? Gl\u00fcckwunsch! Dann bist Du daf\u00fcr talentiert? So haben auch mich andere sehr lange gesehen. Es ist toll mit vielseitigen Talenten voraus gehen zu k\u00f6nnen und andere zum Folgen zu begeistern. Zur F\u00fchrungserfahrung wie: * F\u00fchren f\u00f6rdert die Verantwortung f\u00fcr [&hellip;]<\/p>\n","protected":false},"author":1,"featured_media":0,"parent":17,"menu_order":0,"comment_status":"closed","ping_status":"closed","template":"template-no-sidebar.php","meta":[],"yoast_head":"<!-- This site is optimized with the Yoast SEO plugin v18.0 - https:\/\/yoast.com\/wordpress\/plugins\/seo\/ -->\n<meta name=\"robots\" content=\"index, follow, max-snippet:-1, max-image-preview:large, max-video-preview:-1\" \/>\n<link rel=\"canonical\" href=\"https:\/\/co-creation-manufactory.de\/?page_id=68\" \/>\n<meta property=\"og:locale\" content=\"de_DE\" \/>\n<meta property=\"og:type\" content=\"article\" \/>\n<meta property=\"og:title\" content=\"Coaching zu neuen Horizonten - Co-Creation-Manufactory\" \/>\n<meta property=\"og:description\" content=\"Wissen sch\u00f6pfen durch Visionen: Das bildet wahres Kapital In F\u00fchrung zu gehen ist nicht Dein Problem? Gl\u00fcckwunsch! Dann bist Du daf\u00fcr talentiert? So haben auch mich andere sehr lange gesehen. Es ist toll mit vielseitigen Talenten voraus gehen zu k\u00f6nnen und andere zum Folgen zu begeistern. Zur F\u00fchrungserfahrung wie: * F\u00fchren f\u00f6rdert die Verantwortung f\u00fcr [&hellip;]\" \/>\n<meta property=\"og:url\" content=\"https:\/\/co-creation-manufactory.de\/?page_id=68\" \/>\n<meta property=\"og:site_name\" content=\"Co-Creation-Manufactory\" \/>\n<meta property=\"article:modified_time\" content=\"2020-01-21T11:30:04+00:00\" \/>\n<meta name=\"twitter:card\" content=\"summary_large_image\" \/>\n<meta name=\"twitter:label1\" content=\"Gesch\u00e4tzte Lesezeit\" \/>\n\t<meta name=\"twitter:data1\" content=\"2\u00a0Minuten\" \/>\n<script type=\"application\/ld+json\" class=\"yoast-schema-graph\">{\"@context\":\"https:\/\/schema.org\",\"@graph\":[{\"@type\":\"WebSite\",\"@id\":\"https:\/\/co-creation-manufactory.de\/#website\",\"url\":\"https:\/\/co-creation-manufactory.de\/\",\"name\":\"Co-Creation-Manufactory\",\"description\":\"Bri Sandtner Coach, Pers\u00f6nlichkeitswirtin\",\"potentialAction\":[{\"@type\":\"SearchAction\",\"target\":{\"@type\":\"EntryPoint\",\"urlTemplate\":\"https:\/\/co-creation-manufactory.de\/?s={search_term_string}\"},\"query-input\":\"required name=search_term_string\"}],\"inLanguage\":\"de\"},{\"@type\":\"WebPage\",\"@id\":\"https:\/\/co-creation-manufactory.de\/?page_id=68#webpage\",\"url\":\"https:\/\/co-creation-manufactory.de\/?page_id=68\",\"name\":\"Coaching zu neuen Horizonten - Co-Creation-Manufactory\",\"isPartOf\":{\"@id\":\"https:\/\/co-creation-manufactory.de\/#website\"},\"datePublished\":\"2019-02-18T13:48:43+00:00\",\"dateModified\":\"2020-01-21T11:30:04+00:00\",\"breadcrumb\":{\"@id\":\"https:\/\/co-creation-manufactory.de\/?page_id=68#breadcrumb\"},\"inLanguage\":\"de\",\"potentialAction\":[{\"@type\":\"ReadAction\",\"target\":[\"https:\/\/co-creation-manufactory.de\/?page_id=68\"]}]},{\"@type\":\"BreadcrumbList\",\"@id\":\"https:\/\/co-creation-manufactory.de\/?page_id=68#breadcrumb\",\"itemListElement\":[{\"@type\":\"ListItem\",\"position\":1,\"name\":\"Startseite\",\"item\":\"https:\/\/co-creation-manufactory.de\/\"},{\"@type\":\"ListItem\",\"position\":2,\"name\":\"Home\",\"item\":\"https:\/\/co-creation-manufactory.de\/\"},{\"@type\":\"ListItem\",\"position\":3,\"name\":\"Coaching zu neuen Horizonten\"}]}]}<\/script>\n<!-- \/ Yoast SEO plugin. -->","yoast_head_json":{"robots":{"index":"index","follow":"follow","max-snippet":"max-snippet:-1","max-image-preview":"max-image-preview:large","max-video-preview":"max-video-preview:-1"},"canonical":"https:\/\/co-creation-manufactory.de\/?page_id=68","og_locale":"de_DE","og_type":"article","og_title":"Coaching zu neuen Horizonten - Co-Creation-Manufactory","og_description":"Wissen sch\u00f6pfen durch Visionen: Das bildet wahres Kapital In F\u00fchrung zu gehen ist nicht Dein Problem? Gl\u00fcckwunsch! Dann bist Du daf\u00fcr talentiert? So haben auch mich andere sehr lange gesehen. Es ist toll mit vielseitigen Talenten voraus gehen zu k\u00f6nnen und andere zum Folgen zu begeistern. Zur F\u00fchrungserfahrung wie: * F\u00fchren f\u00f6rdert die Verantwortung f\u00fcr [&hellip;]","og_url":"https:\/\/co-creation-manufactory.de\/?page_id=68","og_site_name":"Co-Creation-Manufactory","article_modified_time":"2020-01-21T11:30:04+00:00","twitter_card":"summary_large_image","twitter_misc":{"Gesch\u00e4tzte Lesezeit":"2\u00a0Minuten"},"schema":{"@context":"https:\/\/schema.org","@graph":[{"@type":"WebSite","@id":"https:\/\/co-creation-manufactory.de\/#website","url":"https:\/\/co-creation-manufactory.de\/","name":"Co-Creation-Manufactory","description":"Bri Sandtner Coach, Pers\u00f6nlichkeitswirtin","potentialAction":[{"@type":"SearchAction","target":{"@type":"EntryPoint","urlTemplate":"https:\/\/co-creation-manufactory.de\/?s={search_term_string}"},"query-input":"required name=search_term_string"}],"inLanguage":"de"},{"@type":"WebPage","@id":"https:\/\/co-creation-manufactory.de\/?page_id=68#webpage","url":"https:\/\/co-creation-manufactory.de\/?page_id=68","name":"Coaching zu neuen Horizonten - Co-Creation-Manufactory","isPartOf":{"@id":"https:\/\/co-creation-manufactory.de\/#website"},"datePublished":"2019-02-18T13:48:43+00:00","dateModified":"2020-01-21T11:30:04+00:00","breadcrumb":{"@id":"https:\/\/co-creation-manufactory.de\/?page_id=68#breadcrumb"},"inLanguage":"de","potentialAction":[{"@type":"ReadAction","target":["https:\/\/co-creation-manufactory.de\/?page_id=68"]}]},{"@type":"BreadcrumbList","@id":"https:\/\/co-creation-manufactory.de\/?page_id=68#breadcrumb","itemListElement":[{"@type":"ListItem","position":1,"name":"Startseite","item":"https:\/\/co-creation-manufactory.de\/"},{"@type":"ListItem","position":2,"name":"Home","item":"https:\/\/co-creation-manufactory.de\/"},{"@type":"ListItem","position":3,"name":"Coaching zu neuen Horizonten"}]}]}},"_links":{"self":[{"href":"https:\/\/co-creation-manufactory.de\/index.php?rest_route=\/wp\/v2\/pages\/68"}],"collection":[{"href":"https:\/\/co-creation-manufactory.de\/index.php?rest_route=\/wp\/v2\/pages"}],"about":[{"href":"https:\/\/co-creation-manufactory.de\/index.php?rest_route=\/wp\/v2\/types\/page"}],"author":[{"embeddable":true,"href":"https:\/\/co-creation-manufactory.de\/index.php?rest_route=\/wp\/v2\/users\/1"}],"replies":[{"embeddable":true,"href":"https:\/\/co-creation-manufactory.de\/index.php?rest_route=%2Fwp%2Fv2%2Fcomments&post=68"}],"version-history":[{"count":31,"href":"https:\/\/co-creation-manufactory.de\/index.php?rest_route=\/wp\/v2\/pages\/68\/revisions"}],"predecessor-version":[{"id":410,"href":"https:\/\/co-creation-manufactory.de\/index.php?rest_route=\/wp\/v2\/pages\/68\/revisions\/410"}],"up":[{"embeddable":true,"href":"https:\/\/co-creation-manufactory.de\/index.php?rest_route=\/wp\/v2\/pages\/17"}],"wp:attachment":[{"href":"https:\/\/co-creation-manufactory.de\/index.php?rest_route=%2Fwp%2Fv2%2Fmedia&parent=68"}],"curies":[{"name":"wp","href":"https:\/\/api.w.org\/{rel}","templated":true}]}}